{"id":2,"date":"2025-03-15T11:20:47","date_gmt":"2025-03-15T10:20:47","guid":{"rendered":"http:\/\/maire-amenagement.fr\/?page_id=2"},"modified":"2026-01-03T19:48:18","modified_gmt":"2026-01-03T18:48:18","slug":"prestations","status":"publish","type":"page","link":"https:\/\/maire-amenagement.fr\/index.php\/prestations\/","title":{"rendered":"Mes prestations"},"content":{"rendered":"\n<h2 class=\"wp-block-heading\">Ma\u00e7onnerie <\/h2>\n\n\n\n<p>Prestations de ma\u00e7onnerie comme :<\/p>\n\n\n\n<ul class=\"wp-block-list\">\n<li>Dalles et dallages.<\/li>\n\n\n\n<li>Ma\u00e7onnerie de murs agglos et briques (Garages, extensions, murs de cl\u00f4tures&#8230;).<\/li>\n\n\n\n<li>R\u00e9alisation d&rsquo;ouvertures dans murs existants.<\/li>\n\n\n\n<li>R\u00e9alisation de cr\u00e9pis ciment et chaux.<\/li>\n<\/ul>\n\n\n\n<figure class=\"wp-block-gallery has-nested-images columns-default is-cropped wp-block-gallery-1 is-layout-flex wp-block-gallery-is-layout-flex\">\n<figure class=\"wp-block-image size-large\"><img loading=\"lazy\" decoding=\"async\" width=\"1024\" height=\"757\" data-id=\"76\" src=\"https:\/\/maire-amenagement.fr\/wp-content\/uploads\/2025\/03\/PXL_20250207_111656765-scaled-e1742053534889-1024x757.jpg\" alt=\"\" class=\"wp-image-76\" srcset=\"https:\/\/maire-amenagement.fr\/wp-content\/uploads\/2025\/03\/PXL_20250207_111656765-scaled-e1742053534889-1024x757.jpg 1024w, https:\/\/maire-amenagement.fr\/wp-content\/uploads\/2025\/03\/PXL_20250207_111656765-scaled-e1742053534889-300x222.jpg 300w, https:\/\/maire-amenagement.fr\/wp-content\/uploads\/2025\/03\/PXL_20250207_111656765-scaled-e1742053534889-768x568.jpg 768w, https:\/\/maire-amenagement.fr\/wp-content\/uploads\/2025\/03\/PXL_20250207_111656765-scaled-e1742053534889-1536x1136.jpg 1536w, https:\/\/maire-amenagement.fr\/wp-content\/uploads\/2025\/03\/PXL_20250207_111656765-scaled-e1742053534889.jpg 1920w\" sizes=\"auto, (max-width: 1024px) 100vw, 1024px\" \/><\/figure>\n\n\n\n<figure class=\"wp-block-image size-large\"><img loading=\"lazy\" decoding=\"async\" width=\"1024\" height=\"768\" data-id=\"28\" src=\"https:\/\/maire-amenagement.fr\/wp-content\/uploads\/2025\/03\/PXL_20240704_131934721-1024x768.jpg\" alt=\"\" class=\"wp-image-28\" srcset=\"https:\/\/maire-amenagement.fr\/wp-content\/uploads\/2025\/03\/PXL_20240704_131934721-1024x768.jpg 1024w, https:\/\/maire-amenagement.fr\/wp-content\/uploads\/2025\/03\/PXL_20240704_131934721-300x225.jpg 300w, https:\/\/maire-amenagement.fr\/wp-content\/uploads\/2025\/03\/PXL_20240704_131934721-768x576.jpg 768w, https:\/\/maire-amenagement.fr\/wp-content\/uploads\/2025\/03\/PXL_20240704_131934721-1536x1152.jpg 1536w, https:\/\/maire-amenagement.fr\/wp-content\/uploads\/2025\/03\/PXL_20240704_131934721-2048x1536.jpg 2048w\" sizes=\"auto, (max-width: 1024px) 100vw, 1024px\" \/><figcaption class=\"wp-element-caption\">R\u00e9novation fa\u00e7ade &#8211; joints \u00e0 la chaux et encadrements<\/figcaption><\/figure>\n\n\n\n<figure class=\"wp-block-image size-full\"><img loading=\"lazy\" decoding=\"async\" width=\"4032\" height=\"3024\" data-id=\"278\" src=\"https:\/\/maire-amenagement.fr\/wp-content\/uploads\/2026\/01\/PXL_20250410_095433885.jpg\" alt=\"\" class=\"wp-image-278\"\/><figcaption class=\"wp-element-caption\">Murs de cl\u00f4ture et enduits<\/figcaption><\/figure>\n\n\n\n<figure class=\"wp-block-image size-large\"><img loading=\"lazy\" decoding=\"async\" width=\"1024\" height=\"768\" data-id=\"56\" src=\"https:\/\/maire-amenagement.fr\/wp-content\/uploads\/2025\/03\/IMG_2085-1024x768.jpg\" alt=\"\" class=\"wp-image-56\" srcset=\"https:\/\/maire-amenagement.fr\/wp-content\/uploads\/2025\/03\/IMG_2085-1024x768.jpg 1024w, https:\/\/maire-amenagement.fr\/wp-content\/uploads\/2025\/03\/IMG_2085-300x225.jpg 300w, https:\/\/maire-amenagement.fr\/wp-content\/uploads\/2025\/03\/IMG_2085-768x576.jpg 768w, https:\/\/maire-amenagement.fr\/wp-content\/uploads\/2025\/03\/IMG_2085-1536x1152.jpg 1536w, https:\/\/maire-amenagement.fr\/wp-content\/uploads\/2025\/03\/IMG_2085-2048x1536.jpg 2048w\" sizes=\"auto, (max-width: 1024px) 100vw, 1024px\" \/><figcaption class=\"wp-element-caption\">Construction d&rsquo;un pavillon<\/figcaption><\/figure>\n\n\n\n<figure class=\"wp-block-image size-large\"><img loading=\"lazy\" decoding=\"async\" width=\"1024\" height=\"768\" data-id=\"158\" src=\"https:\/\/maire-amenagement.fr\/wp-content\/uploads\/2025\/03\/IMG_2097-1024x768.jpg\" alt=\"maison\" class=\"wp-image-158\" srcset=\"https:\/\/maire-amenagement.fr\/wp-content\/uploads\/2025\/03\/IMG_2097-1024x768.jpg 1024w, https:\/\/maire-amenagement.fr\/wp-content\/uploads\/2025\/03\/IMG_2097-300x225.jpg 300w, https:\/\/maire-amenagement.fr\/wp-content\/uploads\/2025\/03\/IMG_2097-768x576.jpg 768w, https:\/\/maire-amenagement.fr\/wp-content\/uploads\/2025\/03\/IMG_2097-1536x1152.jpg 1536w, https:\/\/maire-amenagement.fr\/wp-content\/uploads\/2025\/03\/IMG_2097-2048x1536.jpg 2048w\" sizes=\"auto, (max-width: 1024px) 100vw, 1024px\" \/><figcaption class=\"wp-element-caption\">Construction d&rsquo;un pavillon<\/figcaption><\/figure>\n<\/figure>\n\n\n\n<p><\/p>\n\n\n\n<p><\/p>\n\n\n\n<h2 class=\"wp-block-heading\">Am\u00e9nagements ext\u00e9rieurs<\/h2>\n\n\n\n<ul class=\"wp-block-list\">\n<li>Murs de cl\u00f4tures<\/li>\n\n\n\n<li>Murs de sout\u00e8nement<\/li>\n\n\n\n<li>Pose de bordures, terrasses et all\u00e9es en dalles\/pav\u00e9s<\/li>\n\n\n\n<li>Petits travaux de terrassement<\/li>\n\n\n\n<li>etc&#8230;<\/li>\n<\/ul>\n\n\n\n<figure class=\"wp-block-gallery has-nested-images columns-default is-cropped wp-block-gallery-2 is-layout-flex wp-block-gallery-is-layout-flex\">\n<figure class=\"wp-block-image size-large\"><img loading=\"lazy\" decoding=\"async\" width=\"1024\" height=\"768\" data-id=\"193\" src=\"https:\/\/maire-amenagement.fr\/wp-content\/uploads\/2025\/04\/PXL_20250319_090858582-1024x768.jpg\" alt=\"\" class=\"wp-image-193\" srcset=\"https:\/\/maire-amenagement.fr\/wp-content\/uploads\/2025\/04\/PXL_20250319_090858582-1024x768.jpg 1024w, https:\/\/maire-amenagement.fr\/wp-content\/uploads\/2025\/04\/PXL_20250319_090858582-300x225.jpg 300w, https:\/\/maire-amenagement.fr\/wp-content\/uploads\/2025\/04\/PXL_20250319_090858582-768x576.jpg 768w, https:\/\/maire-amenagement.fr\/wp-content\/uploads\/2025\/04\/PXL_20250319_090858582-1536x1152.jpg 1536w, https:\/\/maire-amenagement.fr\/wp-content\/uploads\/2025\/04\/PXL_20250319_090858582-2048x1536.jpg 2048w\" sizes=\"auto, (max-width: 1024px) 100vw, 1024px\" \/><figcaption class=\"wp-element-caption\">Perron en dalles imitation pierre<\/figcaption><\/figure>\n\n\n\n<figure class=\"wp-block-image size-large\"><img loading=\"lazy\" decoding=\"async\" width=\"1024\" height=\"768\" data-id=\"191\" src=\"https:\/\/maire-amenagement.fr\/wp-content\/uploads\/2025\/04\/PXL_20250319_090956296-1024x768.jpg\" alt=\"\" class=\"wp-image-191\" srcset=\"https:\/\/maire-amenagement.fr\/wp-content\/uploads\/2025\/04\/PXL_20250319_090956296-1024x768.jpg 1024w, https:\/\/maire-amenagement.fr\/wp-content\/uploads\/2025\/04\/PXL_20250319_090956296-300x225.jpg 300w, https:\/\/maire-amenagement.fr\/wp-content\/uploads\/2025\/04\/PXL_20250319_090956296-768x576.jpg 768w, https:\/\/maire-amenagement.fr\/wp-content\/uploads\/2025\/04\/PXL_20250319_090956296-1536x1152.jpg 1536w, https:\/\/maire-amenagement.fr\/wp-content\/uploads\/2025\/04\/PXL_20250319_090956296-2048x1536.jpg 2048w\" sizes=\"auto, (max-width: 1024px) 100vw, 1024px\" \/><figcaption class=\"wp-element-caption\">Terrasse en pav\u00e9s<\/figcaption><\/figure>\n\n\n\n<figure class=\"wp-block-image size-large\"><img loading=\"lazy\" decoding=\"async\" width=\"768\" height=\"1024\" data-id=\"274\" src=\"https:\/\/maire-amenagement.fr\/wp-content\/uploads\/2026\/01\/PXL_20250207_111732627-768x1024.jpg\" alt=\"\" class=\"wp-image-274\" srcset=\"https:\/\/maire-amenagement.fr\/wp-content\/uploads\/2026\/01\/PXL_20250207_111732627-768x1024.jpg 768w, https:\/\/maire-amenagement.fr\/wp-content\/uploads\/2026\/01\/PXL_20250207_111732627-225x300.jpg 225w, https:\/\/maire-amenagement.fr\/wp-content\/uploads\/2026\/01\/PXL_20250207_111732627-1152x1536.jpg 1152w, https:\/\/maire-amenagement.fr\/wp-content\/uploads\/2026\/01\/PXL_20250207_111732627-1536x2048.jpg 1536w, https:\/\/maire-amenagement.fr\/wp-content\/uploads\/2026\/01\/PXL_20250207_111732627-scaled.jpg 1920w\" sizes=\"auto, (max-width: 768px) 100vw, 768px\" \/><figcaption class=\"wp-element-caption\">Construction d&rsquo;un mur de cl\u00f4ture<\/figcaption><\/figure>\n\n\n\n<figure class=\"wp-block-image size-large\"><img loading=\"lazy\" decoding=\"async\" width=\"768\" height=\"1024\" data-id=\"77\" src=\"https:\/\/maire-amenagement.fr\/wp-content\/uploads\/2025\/03\/PXL_20241208_094308856-768x1024.jpg\" alt=\"\" class=\"wp-image-77\" srcset=\"https:\/\/maire-amenagement.fr\/wp-content\/uploads\/2025\/03\/PXL_20241208_094308856-768x1024.jpg 768w, https:\/\/maire-amenagement.fr\/wp-content\/uploads\/2025\/03\/PXL_20241208_094308856-225x300.jpg 225w, https:\/\/maire-amenagement.fr\/wp-content\/uploads\/2025\/03\/PXL_20241208_094308856-1152x1536.jpg 1152w, https:\/\/maire-amenagement.fr\/wp-content\/uploads\/2025\/03\/PXL_20241208_094308856-1536x2048.jpg 1536w, https:\/\/maire-amenagement.fr\/wp-content\/uploads\/2025\/03\/PXL_20241208_094308856-scaled.jpg 1920w\" sizes=\"auto, (max-width: 768px) 100vw, 768px\" \/><figcaption class=\"wp-element-caption\">Mur de sout\u00e8nement en agglos \u00e0 bancher<\/figcaption><\/figure>\n\n\n\n<figure class=\"wp-block-image size-large\"><img loading=\"lazy\" decoding=\"async\" width=\"1024\" height=\"768\" data-id=\"62\" src=\"https:\/\/maire-amenagement.fr\/wp-content\/uploads\/2025\/03\/PXL_20241129_104842746-1024x768.jpg\" alt=\"\" class=\"wp-image-62\" srcset=\"https:\/\/maire-amenagement.fr\/wp-content\/uploads\/2025\/03\/PXL_20241129_104842746-1024x768.jpg 1024w, https:\/\/maire-amenagement.fr\/wp-content\/uploads\/2025\/03\/PXL_20241129_104842746-300x225.jpg 300w, https:\/\/maire-amenagement.fr\/wp-content\/uploads\/2025\/03\/PXL_20241129_104842746-768x576.jpg 768w, https:\/\/maire-amenagement.fr\/wp-content\/uploads\/2025\/03\/PXL_20241129_104842746-1536x1152.jpg 1536w, https:\/\/maire-amenagement.fr\/wp-content\/uploads\/2025\/03\/PXL_20241129_104842746-2048x1536.jpg 2048w\" sizes=\"auto, (max-width: 1024px) 100vw, 1024px\" \/><figcaption class=\"wp-element-caption\">Petits travaux de terrassement<\/figcaption><\/figure>\n<\/figure>\n\n\n\n<p><\/p>\n\n\n\n<h2 class=\"wp-block-heading\">Am\u00e9nagements int\u00e9rieurs<\/h2>\n\n\n\n<ul class=\"wp-block-list\">\n<li>R\u00e9alisation de cloisons et doublages.<\/li>\n\n\n\n<li>Pose d&rsquo;enduits et cr\u00e9pis<\/li>\n\n\n\n<li>Peintures.<\/li>\n\n\n\n<li>Pose de fa\u00efence, carrelage et parquet.<\/li>\n<\/ul>\n\n\n\n<figure class=\"wp-block-gallery has-nested-images columns-default is-cropped wp-block-gallery-3 is-layout-flex wp-block-gallery-is-layout-flex\">\n<figure class=\"wp-block-image size-large\"><img loading=\"lazy\" decoding=\"async\" width=\"768\" height=\"1024\" data-id=\"201\" src=\"https:\/\/maire-amenagement.fr\/wp-content\/uploads\/2025\/04\/IMG_6704-768x1024.jpg\" alt=\"\" class=\"wp-image-201\" srcset=\"https:\/\/maire-amenagement.fr\/wp-content\/uploads\/2025\/04\/IMG_6704-768x1024.jpg 768w, https:\/\/maire-amenagement.fr\/wp-content\/uploads\/2025\/04\/IMG_6704-225x300.jpg 225w, https:\/\/maire-amenagement.fr\/wp-content\/uploads\/2025\/04\/IMG_6704-1152x1536.jpg 1152w, https:\/\/maire-amenagement.fr\/wp-content\/uploads\/2025\/04\/IMG_6704-1536x2048.jpg 1536w, https:\/\/maire-amenagement.fr\/wp-content\/uploads\/2025\/04\/IMG_6704-scaled.jpg 1920w\" sizes=\"auto, (max-width: 768px) 100vw, 768px\" \/><figcaption class=\"wp-element-caption\">Cr\u00e9pis int\u00e9rieurs &#8211; chaux\/ciment color\u00e9<\/figcaption><\/figure>\n\n\n\n<figure class=\"wp-block-image size-large\"><img loading=\"lazy\" decoding=\"async\" width=\"768\" height=\"1024\" data-id=\"160\" src=\"https:\/\/maire-amenagement.fr\/wp-content\/uploads\/2025\/03\/IMG_2858-768x1024.jpg\" alt=\"\" class=\"wp-image-160\" srcset=\"https:\/\/maire-amenagement.fr\/wp-content\/uploads\/2025\/03\/IMG_2858-768x1024.jpg 768w, https:\/\/maire-amenagement.fr\/wp-content\/uploads\/2025\/03\/IMG_2858-225x300.jpg 225w, https:\/\/maire-amenagement.fr\/wp-content\/uploads\/2025\/03\/IMG_2858-1152x1536.jpg 1152w, https:\/\/maire-amenagement.fr\/wp-content\/uploads\/2025\/03\/IMG_2858-1536x2048.jpg 1536w, https:\/\/maire-amenagement.fr\/wp-content\/uploads\/2025\/03\/IMG_2858-scaled.jpg 1920w\" sizes=\"auto, (max-width: 768px) 100vw, 768px\" \/><figcaption class=\"wp-element-caption\">Pose de placo<\/figcaption><\/figure>\n\n\n\n<figure class=\"wp-block-image size-large\"><img loading=\"lazy\" decoding=\"async\" width=\"1024\" height=\"768\" data-id=\"168\" src=\"https:\/\/maire-amenagement.fr\/wp-content\/uploads\/2025\/03\/IMG-9987-1024x768.jpg\" alt=\"\" class=\"wp-image-168\" srcset=\"https:\/\/maire-amenagement.fr\/wp-content\/uploads\/2025\/03\/IMG-9987-1024x768.jpg 1024w, https:\/\/maire-amenagement.fr\/wp-content\/uploads\/2025\/03\/IMG-9987-300x225.jpg 300w, https:\/\/maire-amenagement.fr\/wp-content\/uploads\/2025\/03\/IMG-9987-768x576.jpg 768w, https:\/\/maire-amenagement.fr\/wp-content\/uploads\/2025\/03\/IMG-9987-1536x1152.jpg 1536w, https:\/\/maire-amenagement.fr\/wp-content\/uploads\/2025\/03\/IMG-9987-2048x1536.jpg 2048w\" sizes=\"auto, (max-width: 1024px) 100vw, 1024px\" \/><figcaption class=\"wp-element-caption\">R\u00e9novation d&rsquo;une chambre &#8211; Plafonds, peinture et pose de parquet <\/figcaption><\/figure>\n\n\n\n<figure class=\"wp-block-image size-large\"><img loading=\"lazy\" decoding=\"async\" width=\"768\" height=\"1024\" data-id=\"88\" src=\"https:\/\/maire-amenagement.fr\/wp-content\/uploads\/2025\/03\/PXL_20240118_110418786-768x1024.jpg\" alt=\"\" class=\"wp-image-88\" srcset=\"https:\/\/maire-amenagement.fr\/wp-content\/uploads\/2025\/03\/PXL_20240118_110418786-768x1024.jpg 768w, https:\/\/maire-amenagement.fr\/wp-content\/uploads\/2025\/03\/PXL_20240118_110418786-225x300.jpg 225w, https:\/\/maire-amenagement.fr\/wp-content\/uploads\/2025\/03\/PXL_20240118_110418786-1152x1536.jpg 1152w, https:\/\/maire-amenagement.fr\/wp-content\/uploads\/2025\/03\/PXL_20240118_110418786-1536x2048.jpg 1536w, https:\/\/maire-amenagement.fr\/wp-content\/uploads\/2025\/03\/PXL_20240118_110418786-scaled.jpg 1920w\" sizes=\"auto, (max-width: 768px) 100vw, 768px\" \/><figcaption class=\"wp-element-caption\">Carrelage et fa\u00efence d&rsquo;une salle de bain<\/figcaption><\/figure>\n\n\n\n<figure class=\"wp-block-image size-large\"><img loading=\"lazy\" decoding=\"async\" width=\"768\" height=\"1024\" data-id=\"252\" src=\"https:\/\/maire-amenagement.fr\/wp-content\/uploads\/2026\/01\/trashed-1769026674-PXL_20251222_145415035-768x1024.jpg\" alt=\"\" class=\"wp-image-252\" srcset=\"https:\/\/maire-amenagement.fr\/wp-content\/uploads\/2026\/01\/trashed-1769026674-PXL_20251222_145415035-768x1024.jpg 768w, https:\/\/maire-amenagement.fr\/wp-content\/uploads\/2026\/01\/trashed-1769026674-PXL_20251222_145415035-225x300.jpg 225w, https:\/\/maire-amenagement.fr\/wp-content\/uploads\/2026\/01\/trashed-1769026674-PXL_20251222_145415035-1152x1536.jpg 1152w, https:\/\/maire-amenagement.fr\/wp-content\/uploads\/2026\/01\/trashed-1769026674-PXL_20251222_145415035-1536x2048.jpg 1536w, https:\/\/maire-amenagement.fr\/wp-content\/uploads\/2026\/01\/trashed-1769026674-PXL_20251222_145415035-scaled.jpg 1920w\" sizes=\"auto, (max-width: 768px) 100vw, 768px\" \/><figcaption class=\"wp-element-caption\">R\u00e9novation des peintures d&rsquo;un appartement &#8211; murs, plafonds et portes<\/figcaption><\/figure>\n<\/figure>\n\n\n\n<p><\/p>\n","protected":false},"excerpt":{"rendered":"<p>Ma\u00e7onnerie Prestations de ma\u00e7onnerie comme : Am\u00e9nagements ext\u00e9rieurs Am\u00e9nagements int\u00e9rieurs<\/p>\n","protected":false},"author":1,"featured_media":0,"parent":0,"menu_order":0,"comment_status":"closed","ping_status":"open","template":"","meta":{"footnotes":""},"class_list":["post-2","page","type-page","status-publish","hentry"],"_links":{"self":[{"href":"https:\/\/maire-amenagement.fr\/index.php\/wp-json\/wp\/v2\/pages\/2","targetHints":{"allow":["GET"]}}],"collection":[{"href":"https:\/\/maire-amenagement.fr\/index.php\/wp-json\/wp\/v2\/pages"}],"about":[{"href":"https:\/\/maire-amenagement.fr\/index.php\/wp-json\/wp\/v2\/types\/page"}],"author":[{"embeddable":true,"href":"https:\/\/maire-amenagement.fr\/index.php\/wp-json\/wp\/v2\/users\/1"}],"replies":[{"embeddable":true,"href":"https:\/\/maire-amenagement.fr\/index.php\/wp-json\/wp\/v2\/comments?post=2"}],"version-history":[{"count":7,"href":"https:\/\/maire-amenagement.fr\/index.php\/wp-json\/wp\/v2\/pages\/2\/revisions"}],"predecessor-version":[{"id":289,"href":"https:\/\/maire-amenagement.fr\/index.php\/wp-json\/wp\/v2\/pages\/2\/revisions\/289"}],"wp:attachment":[{"href":"https:\/\/maire-amenagement.fr\/index.php\/wp-json\/wp\/v2\/media?parent=2"}],"curies":[{"name":"wp","href":"https:\/\/api.w.org\/{rel}","templated":true}]}}