{"id":13,"date":"2025-03-15T13:17:20","date_gmt":"2025-03-15T12:17:20","guid":{"rendered":"https:\/\/maire-amenagement.fr\/?page_id=13"},"modified":"2026-01-03T19:49:43","modified_gmt":"2026-01-03T18:49:43","slug":"qui-suis-je","status":"publish","type":"page","link":"https:\/\/maire-amenagement.fr\/index.php\/qui-suis-je\/","title":{"rendered":"Qui suis-je ?"},"content":{"rendered":"\n<p>Bonjour, <\/p>\n\n\n\n<p>Je m&rsquo;appelle Antoine Maire.<\/p>\n\n\n\n<p>Titulaire d\u2019un <strong>dipl\u00f4me de gros \u0153uvre obtenu en 2008<\/strong>, j\u2019ai construit mon parcours au fil d\u2019exp\u00e9riences riches et vari\u00e9es au sein de <strong>plusieurs entreprises du b\u00e2timent<\/strong>, de tailles diff\u00e9rentes, en <strong>France<\/strong> et en <strong>Suisse<\/strong>. Ces ann\u00e9es m\u2019ont permis d\u2019acqu\u00e9rir une solide expertise technique et une vision globale des m\u00e9tiers de la construction.<\/p>\n\n\n\n<p>Au cours de mon parcours, j\u2019ai travaill\u00e9 sur des <strong>projets de construction neuve<\/strong>, de <strong>r\u00e9novation<\/strong>, d&rsquo;<strong>ouvrages d\u2019art<\/strong>, de <strong>g\u00e9nie civil<\/strong>, ainsi que sur des <strong>am\u00e9nagements int\u00e9rieurs et ext\u00e9rieurs<\/strong>. Cette diversit\u00e9 d\u2019interventions est aujourd\u2019hui au c\u0153ur de ma <strong>polyvalence<\/strong> et de mon savoir-faire.<\/p>\n\n\n\n<p>J\u2019ai ensuite fait le choix de m\u2019installer en <strong>entreprise individuelle<\/strong>, afin de proposer un service de proximit\u00e9, r\u00e9actif et personnalis\u00e9. Mon activit\u00e9 principale repose sur la <strong>ma\u00e7onnerie traditionnelle<\/strong>, en neuf comme en r\u00e9novation, les <strong>am\u00e9nagements ext\u00e9rieurs et la ma\u00e7onnerie paysag\u00e8re<\/strong>, ainsi que les <strong>travaux d\u2019am\u00e9nagement int\u00e9rieur<\/strong> : placo, sols, carrelage et peinture&#8230;<\/p>\n\n\n\n<p>Je m\u2019adresse aussi bien aux <strong>particuliers<\/strong> qu\u2019aux <strong>entreprises<\/strong> en recherche de prestations de service dans ce domaine,  avec la m\u00eame exigence de qualit\u00e9 et de s\u00e9rieux. Bas\u00e9 \u00e0 Vuillafans dans le <strong>Doubs<\/strong>, j\u2019interviens principalement sur le secteur Vall\u00e9e de la Loue &#8211; Besan\u00e7on &#8211; Pontarlier, ou dans un p\u00e9rim\u00e8tre de 30km aux alentours, en mettant un point d\u2019honneur \u00e0 \u00eatre <strong>disponible<\/strong> et <strong>r\u00e9actif<\/strong> et \u00e0 proposer des solutions adapt\u00e9es \u00e0 chaque projet.<\/p>\n\n\n\n<figure class=\"wp-block-gallery has-nested-images columns-default is-cropped wp-block-gallery-1 is-layout-flex wp-block-gallery-is-layout-flex\">\n<figure class=\"wp-block-image size-large\"><img loading=\"lazy\" decoding=\"async\" width=\"768\" height=\"1024\" data-id=\"271\" src=\"https:\/\/maire-amenagement.fr\/wp-content\/uploads\/2026\/01\/PXL_20250207_111706092-768x1024.jpg\" alt=\"\" class=\"wp-image-271\" srcset=\"https:\/\/maire-amenagement.fr\/wp-content\/uploads\/2026\/01\/PXL_20250207_111706092-768x1024.jpg 768w, https:\/\/maire-amenagement.fr\/wp-content\/uploads\/2026\/01\/PXL_20250207_111706092-225x300.jpg 225w, https:\/\/maire-amenagement.fr\/wp-content\/uploads\/2026\/01\/PXL_20250207_111706092-1152x1536.jpg 1152w, https:\/\/maire-amenagement.fr\/wp-content\/uploads\/2026\/01\/PXL_20250207_111706092-1536x2048.jpg 1536w, https:\/\/maire-amenagement.fr\/wp-content\/uploads\/2026\/01\/PXL_20250207_111706092-scaled.jpg 1920w\" sizes=\"auto, (max-width: 768px) 100vw, 768px\" \/><\/figure>\n\n\n\n<figure class=\"wp-block-image size-large\"><img loading=\"lazy\" decoding=\"async\" width=\"768\" height=\"1024\" data-id=\"84\" src=\"https:\/\/maire-amenagement.fr\/wp-content\/uploads\/2025\/03\/PXL_20240121_095055256.MP_-768x1024.jpg\" alt=\"\" class=\"wp-image-84\" srcset=\"https:\/\/maire-amenagement.fr\/wp-content\/uploads\/2025\/03\/PXL_20240121_095055256.MP_-768x1024.jpg 768w, https:\/\/maire-amenagement.fr\/wp-content\/uploads\/2025\/03\/PXL_20240121_095055256.MP_-225x300.jpg 225w, https:\/\/maire-amenagement.fr\/wp-content\/uploads\/2025\/03\/PXL_20240121_095055256.MP_-1152x1536.jpg 1152w, https:\/\/maire-amenagement.fr\/wp-content\/uploads\/2025\/03\/PXL_20240121_095055256.MP_-1536x2048.jpg 1536w, https:\/\/maire-amenagement.fr\/wp-content\/uploads\/2025\/03\/PXL_20240121_095055256.MP_-scaled.jpg 1920w\" sizes=\"auto, (max-width: 768px) 100vw, 768px\" \/><\/figure>\n\n\n\n<figure class=\"wp-block-image size-large\"><img loading=\"lazy\" decoding=\"async\" width=\"1024\" height=\"768\" data-id=\"169\" src=\"https:\/\/maire-amenagement.fr\/wp-content\/uploads\/2025\/03\/IMG-9985-1024x768.jpg\" alt=\"\" class=\"wp-image-169\" srcset=\"https:\/\/maire-amenagement.fr\/wp-content\/uploads\/2025\/03\/IMG-9985-1024x768.jpg 1024w, https:\/\/maire-amenagement.fr\/wp-content\/uploads\/2025\/03\/IMG-9985-300x225.jpg 300w, https:\/\/maire-amenagement.fr\/wp-content\/uploads\/2025\/03\/IMG-9985-768x576.jpg 768w, https:\/\/maire-amenagement.fr\/wp-content\/uploads\/2025\/03\/IMG-9985-1536x1152.jpg 1536w, https:\/\/maire-amenagement.fr\/wp-content\/uploads\/2025\/03\/IMG-9985-2048x1536.jpg 2048w\" sizes=\"auto, (max-width: 1024px) 100vw, 1024px\" \/><\/figure>\n<\/figure>\n\n\n\n<p><\/p>\n","protected":false},"excerpt":{"rendered":"<p>Bonjour, Je m&rsquo;appelle Antoine Maire. Titulaire d\u2019un dipl\u00f4me de gros \u0153uvre obtenu en 2008, j\u2019ai construit mon parcours au fil d\u2019exp\u00e9riences riches et vari\u00e9es au sein de plusieurs entreprises du b\u00e2timent, de tailles diff\u00e9rentes, en France et en Suisse. Ces ann\u00e9es m\u2019ont permis d\u2019acqu\u00e9rir une solide expertise technique et une vision globale des m\u00e9tiers de [&hellip;]<\/p>\n","protected":false},"author":1,"featured_media":0,"parent":0,"menu_order":0,"comment_status":"closed","ping_status":"closed","template":"","meta":{"footnotes":""},"class_list":["post-13","page","type-page","status-publish","hentry"],"_links":{"self":[{"href":"https:\/\/maire-amenagement.fr\/index.php\/wp-json\/wp\/v2\/pages\/13","targetHints":{"allow":["GET"]}}],"collection":[{"href":"https:\/\/maire-amenagement.fr\/index.php\/wp-json\/wp\/v2\/pages"}],"about":[{"href":"https:\/\/maire-amenagement.fr\/index.php\/wp-json\/wp\/v2\/types\/page"}],"author":[{"embeddable":true,"href":"https:\/\/maire-amenagement.fr\/index.php\/wp-json\/wp\/v2\/users\/1"}],"replies":[{"embeddable":true,"href":"https:\/\/maire-amenagement.fr\/index.php\/wp-json\/wp\/v2\/comments?post=13"}],"version-history":[{"count":14,"href":"https:\/\/maire-amenagement.fr\/index.php\/wp-json\/wp\/v2\/pages\/13\/revisions"}],"predecessor-version":[{"id":291,"href":"https:\/\/maire-amenagement.fr\/index.php\/wp-json\/wp\/v2\/pages\/13\/revisions\/291"}],"wp:attachment":[{"href":"https:\/\/maire-amenagement.fr\/index.php\/wp-json\/wp\/v2\/media?parent=13"}],"curies":[{"name":"wp","href":"https:\/\/api.w.org\/{rel}","templated":true}]}}